{"id":35,"date":"2023-02-26T16:57:31","date_gmt":"2023-02-26T16:57:31","guid":{"rendered":"http:\/\/localhost:8080\/univ-yaounde2\/?page_id=35"},"modified":"2023-02-26T16:57:31","modified_gmt":"2023-02-26T16:57:31","slug":"ecoles-doctorales-ufd","status":"publish","type":"page","link":"https:\/\/site.univ-yaounde2.org\/index.php\/ecoles-doctorales-ufd\/","title":{"rendered":"Ecoles Doctorales (ED)"},"content":{"rendered":"<div id='av_section_1'  class='avia-section av-t2rcz-d6f815bb11925d100048ec49680e863d main_color avia-section-default avia-no-border-styling  avia-builder-el-0  avia-builder-el-no-sibling  avia-bg-style-scroll container_wrap fullsize'  ><div class='container av-section-cont-open' ><main  role=\"main\" itemprop=\"mainContentOfPage\"  class='template-page content  av-content-full alpha units'><div class='post-entry post-entry-type-page post-entry-35'><div class='entry-content-wrapper clearfix'>\n\n<style type=\"text\/css\" data-created_by=\"avia_inline_auto\" id=\"style-css-av-lev2az3l-7408aa818b8e5df352dd077b2222a837\">\n#top .av-special-heading.av-lev2az3l-7408aa818b8e5df352dd077b2222a837{\npadding-bottom:10px;\n}\nbody .av-special-heading.av-lev2az3l-7408aa818b8e5df352dd077b2222a837 .av-special-heading-tag .heading-char{\nfont-size:25px;\n}\n.av-special-heading.av-lev2az3l-7408aa818b8e5df352dd077b2222a837 .av-subheading{\nfont-size:15px;\n}\n<\/style>\n<div  class='av-special-heading av-lev2az3l-7408aa818b8e5df352dd077b2222a837 av-special-heading-h3 blockquote elegant-quote elegant-centered  avia-builder-el-1  el_before_av_textblock  avia-builder-el-first '><h3 class='av-special-heading-tag'  itemprop=\"headline\"  ><span class=\"heading-wrap\">Ecoles Doctorales (ED)<\/span><\/h3><div class='av-subheading av-subheading_below'><p>Unit\u00e9s de Formation Doctorale (UFD) et Unit\u00e9s de Formation et de Recherche (UFR)<\/p>\n<\/div><div class=\"special-heading-border\"><div class=\"special-heading-inner-border\"><\/div><\/div><\/div>\n<section  class='av_textblock_section av-lev38a5h-7c5c2da106bfa28b3a0fb1e8e64b955c '   itemscope=\"itemscope\" itemtype=\"https:\/\/schema.org\/CreativeWork\" ><div class='avia_textblock'  itemprop=\"text\" ><p style=\"text-align: center;\">L&rsquo;\u00e9cole doctorale de l&rsquo;Universit\u00e9 de Yaound\u00e9 II compte huit (08) Unit\u00e9s de Formation Doctorale (UFD) log\u00e9es dans ses diff\u00e9rentes facult\u00e9s et grandes \u00e9coles, et subdivis\u00e9es en Unit\u00e9s de Formation et de Recherche (UFR).<\/p>\n<\/div><\/section>\n\n<style type=\"text\/css\" data-created_by=\"avia_inline_auto\" id=\"style-css-av-s9rj7-f7b6b893e5af38d2bb2a6cd7f741db5f\">\n.flex_column.av-s9rj7-f7b6b893e5af38d2bb2a6cd7f741db5f{\nborder-radius:0px 0px 0px 0px;\npadding:0px 0px 0px 0px;\n}\n<\/style>\n<div  class='flex_column av-s9rj7-f7b6b893e5af38d2bb2a6cd7f741db5f av_one_full  avia-builder-el-3  el_after_av_textblock  avia-builder-el-last  first flex_column_div av-zero-column-padding  column-top-margin'     ><div class='avia-data-table-wrap av-rrdsz-35848cf98b81b342b46980e27bd5f371 avia_responsive_table avia-table-1'><table  class='avia-table avia-data-table avia_pricing_default  avia-builder-el-4  avia-builder-el-no-sibling '  itemscope=\"itemscope\" itemtype=\"https:\/\/schema.org\/Table\" ><tbody><tr class='avia-heading-row'><th class='avia-center-col'>UNITE DE FORMATION DOCTORALE (UFD)<\/th><th class=''>UNITE DE FORMATION ET DE RECHERCHE (UFR)<\/th><th class='avia-center-col'>ETABLISSEMENT<\/th><\/tr><tr class=''><td class='avia-center-col'>SCIENCES JURIDIQUES<\/td><td class=''>&#8211; Droit Public Fondamental;<br \/>\n&#8211; Droit Priv\u00e9 Fondamental;<br \/>\n&#8211; Droit des Affaires et de l&rsquo;Entreprise<br \/>\n&#8211; Droit P\u00e9nal et Sciences Criminelles;<br \/>\n&#8211; Droit International et Communautaire;<br \/>\n&#8211; Droit Compar\u00e9;<br \/>\n&#8211; English Law;<br \/>\n&#8211; Th\u00e9orie du droit et Pluralisme Juridique.<\/td><td class='avia-center-col'>Facult\u00e9 des Sciences Juridiques et Politiques (FSJP)<\/td><\/tr><tr class=''><td class='avia-center-col'>SCIENCES POLITIQUES<\/td><td class=''>&#8211; Socio-anthropologie Politique;<br \/>\n&#8211; Histoire des Id\u00e9es et Th\u00e9orie politique;<br \/>\n&#8211; Administration et Politiques Publiques;<br \/>\n&#8211; Relations Internationales et Etudes Strat\u00e9giques.<\/td><td class='avia-center-col'>Facult\u00e9 des Sciences Juridiques et Politiques (FSJP)<\/td><\/tr><tr class=''><td class='avia-center-col'>SCIENCES ECONOMIQUES<\/td><td class=''>&#8211; Economie Mon\u00e9taire, Financi\u00e8re et Bancaire;<br \/>\n&#8211; Economie Math\u00e9matique, Statistiques et Econom\u00e9trie;<br \/>\n&#8211; Economie Publique, Economie Industrielle, Economie des Ressources Humaines;<br \/>\nEconomie du D\u00e9veloppement, Economie institutionnelle et relations \u00e9conomiques internationales;<br \/>\n&#8211; Economie agricole, Economie des ressources naturelles et Economie de l&rsquo;environnement.<br \/>\n<\/td><td class='avia-center-col'>Facult\u00e9 des Sciences Economiques et de Gestion (FSEG)<\/td><\/tr><tr class=''><td class='avia-center-col'>SCIENCES DE GESTION<\/td><td class=''>&#8211; Gestion des Ressources Humaines;<br \/>\n&#8211; Innovation, Entreprenariat, Marketing;<br \/>\n&#8211; Gouvernance Financi\u00e8re;<br \/>\n&#8211; Comptabilit\u00e9, Contr\u00f4le, Audit.<\/td><td class='avia-center-col'>Facult\u00e9 des Sciences Economiques et de Gestion (FSEG)<\/td><\/tr><tr class=''><td class='avia-center-col'>SCIENCES ET TECHNIQUES DE L&rsquo;INFORMATION ET DE LA COMMUNICATION<\/td><td class=''><\/td><td class='avia-center-col'>Ecole Sup\u00e9rieure des Sciences et Techniques de l&rsquo;Information et de la Communication (ESSTIC)<\/td><\/tr><tr class=''><td class='avia-center-col'>ETUDES INTERNATIONALES<\/td><td class=''><\/td><td class='avia-center-col'>Institut des Relations Internationales du Cameroun (IRIC)<\/td><\/tr><tr class=''><td class='avia-center-col'>ETUDES DEMOGRAPHIQUES<\/td><td class=''><\/td><td class='avia-center-col'>Institut de Formation et de Recherche D\u00e9mographique<\/td><\/tr><tr class=''><td class='avia-center-col'>SCIENCES ET TECHNIQUES DES ACTIVITES PHYSIQUES ET SPORTIVES<\/td><td class=''><\/td><td class='avia-center-col'><\/td><\/tr><\/tbody><\/table><\/div><style type='text\/css'>.avia-table-1 td:nth-of-type(1):before { content: 'UNITE DE FORMATION DOCTORALE (UFD)'; } .avia-table-1 td:nth-of-type(2):before { content: 'UNITE DE FORMATION ET DE RECHERCHE (UFR)'; } .avia-table-1 td:nth-of-type(3):before { content: 'ETABLISSEMENT'; } <\/style><\/div>\n","protected":false},"excerpt":{"rendered":"","protected":false},"author":1,"featured_media":0,"parent":0,"menu_order":0,"comment_status":"closed","ping_status":"closed","template":"","meta":{"footnotes":""},"class_list":["post-35","page","type-page","status-publish","hentry"],"_links":{"self":[{"href":"https:\/\/site.univ-yaounde2.org\/index.php\/wp-json\/wp\/v2\/pages\/35","targetHints":{"allow":["GET"]}}],"collection":[{"href":"https:\/\/site.univ-yaounde2.org\/index.php\/wp-json\/wp\/v2\/pages"}],"about":[{"href":"https:\/\/site.univ-yaounde2.org\/index.php\/wp-json\/wp\/v2\/types\/page"}],"author":[{"embeddable":true,"href":"https:\/\/site.univ-yaounde2.org\/index.php\/wp-json\/wp\/v2\/users\/1"}],"replies":[{"embeddable":true,"href":"https:\/\/site.univ-yaounde2.org\/index.php\/wp-json\/wp\/v2\/comments?post=35"}],"version-history":[{"count":1,"href":"https:\/\/site.univ-yaounde2.org\/index.php\/wp-json\/wp\/v2\/pages\/35\/revisions"}],"predecessor-version":[{"id":1293,"href":"https:\/\/site.univ-yaounde2.org\/index.php\/wp-json\/wp\/v2\/pages\/35\/revisions\/1293"}],"wp:attachment":[{"href":"https:\/\/site.univ-yaounde2.org\/index.php\/wp-json\/wp\/v2\/media?parent=35"}],"curies":[{"name":"wp","href":"https:\/\/api.w.org\/{rel}","templated":true}]}}