{"id":1238,"date":"2023-02-26T16:52:24","date_gmt":"2023-02-26T16:52:24","guid":{"rendered":"http:\/\/localhost:8080\/univ-yaounde2\/?page_id=23"},"modified":"2023-02-26T16:52:24","modified_gmt":"2023-02-26T16:52:24","slug":"mot-du-recteur","status":"publish","type":"page","link":"https:\/\/site.univ-yaounde2.org\/index.php\/mot-du-recteur\/","title":{"rendered":"Mot du Recteur"},"content":{"rendered":"\n<style type=\"text\/css\" data-created_by=\"avia_inline_auto\" id=\"style-css-av-lelr0x0b-89df330cc386b8c776d1d4b94bb0e061\">\n#top .av-special-heading.av-lelr0x0b-89df330cc386b8c776d1d4b94bb0e061{\npadding-bottom:10px;\n}\nbody .av-special-heading.av-lelr0x0b-89df330cc386b8c776d1d4b94bb0e061 .av-special-heading-tag .heading-char{\nfont-size:25px;\npadding-bottom:10px;\n}\n.av-special-heading.av-lelr0x0b-89df330cc386b8c776d1d4b94bb0e061 .av-subheading{\nfont-size:15px;\n}\n<\/style>\n<div  class='av-special-heading av-lelr0x0b-89df330cc386b8c776d1d4b94bb0e061 av-special-heading-h3 blockquote elegant-quote elegant-centered  avia-builder-el-0  el_before_av_three_fourth  avia-builder-el-first  av-icon'><h3 class='av-special-heading-tag'  itemprop=\"headline\"  ><span class='heading-char avia-font-entypo-fontello' aria-hidden='true' data-av_icon='\ue85e' data-av_iconfont='entypo-fontello'><\/span><span class=\"heading-wrap\">MOT DU RECTEUR<\/span><\/h3><div class='av-subheading av-subheading_below'><p>Ma vision pour l\u2019Universit\u00e9 de Yaound\u00e9 II<\/p>\n<\/div><div class=\"special-heading-border\"><div class=\"special-heading-inner-border\"><\/div><\/div><\/div>\n\n<style type=\"text\/css\" data-created_by=\"avia_inline_auto\" id=\"style-css-av-1fiq3-a29c7fef957791ecd7cd555a9249bfad\">\n.flex_column.av-1fiq3-a29c7fef957791ecd7cd555a9249bfad{\nborder-radius:0px 0px 0px 0px;\npadding:0px 0px 0px 0px;\n}\n<\/style>\n<div  class='flex_column av-1fiq3-a29c7fef957791ecd7cd555a9249bfad av_three_fourth  avia-builder-el-1  el_after_av_heading  el_before_av_one_fourth  first flex_column_div av-zero-column-padding  '     ><section  class='av_textblock_section av-lelqvz99-92e566e9cce4f7e96d3f0c6eb16acb31 '   itemscope=\"itemscope\" itemtype=\"https:\/\/schema.org\/CreativeWork\" ><div class='avia_textblock'  itemprop=\"text\" ><h3>L\u2019Universit\u00e9 de Yaound\u00e9 II, Technopole des sciences sociales<\/h3>\n<p>Ma vision pour l\u2019Universit\u00e9 de Yaound\u00e9 II, celle qui, \u00e0 mon sens, devra structurer le d\u00e9veloppement de notre institution pour les prochaines ann\u00e9es a pour objectif de faire de notre institution une\u00a0<strong><em>\u00ab Technopole des sciences sociales \u00bb.<\/em><\/strong><\/p>\n<p>Sous l\u2019impulsion de M. le Pr\u00e9sident de la R\u00e9publique, Chef de l\u2019Etat,\u00a0<strong>Son Excellence M. Paul BIYA<\/strong>, le Cameroun affiche la ferme ambition de devenir un\u00a0<em>pays \u00e9mergent \u00e0 l\u2019horizon 2035<\/em>. Afin d\u2019atteindre cet objectif, il doit satisfaire \u00e0 l\u2019exigence de d\u00e9velopper et de ma\u00eetriser une des variables cl\u00e9s contenues dans le Document de Strat\u00e9gie pour la Croissance et l\u2019Emploi, en l\u2019occurrence, le capital humain d\u2019un niveau \u00e9lev\u00e9, ce qui rel\u00e8ve fondamentalement des missions l\u2019Enseignement Sup\u00e9rieur.<\/p>\n<p>L\u2019universit\u00e9 camerounaise est donc manifestement interpell\u00e9e, et l\u2019Universit\u00e9 de Yaound\u00e9 II, qui joue un r\u00f4le de leadership au sein de notre enseignement sup\u00e9rieur, est appel\u00e9e \u00e0 consolider sa position. Afin de se donner les moyens de contribuer efficacement \u00e0 l\u2019accompagnement du Cameroun dans la r\u00e9alisation de son ambition, il me parait tout \u00e0 fait naturel et l\u00e9gitime que notre universit\u00e9 se projette comme une\u00a0<em>technopole en sciences sociales \u00bb.<\/em><\/p>\n<h3>La pertinence du concept de \u00ab Technopole des sciences sociales \u00bb.<\/h3>\n<p>Historiquement, l\u2019id\u00e9e de technop\u00f4le renvoie \u00e0 la notion d\u2019\u00e9picentre, c\u2019est-\u00e0-dire de p\u00f4le, celui- ci rappelant le d\u00e9veloppement polaris\u00e9 des ann\u00e9es 1950-1960, notamment avec les p\u00f4les de croissance et les p\u00f4les de d\u00e9veloppement. L\u2019<em>Encyclop\u00e9die de g\u00e9ographie\u00a0<\/em>d\u00e9finit la technopole comme \u00ab<em>la r\u00e9union en un m\u00eame lieu d\u2019activit\u00e9s de haute technologie (\u00e9lectronique, chimie, biologie, etc.), de centres de recherche, d\u2019entreprises, d\u2019universit\u00e9s, ainsi que des organismes financiers facilitant les contacts personnels entre ces milieux \u00bb.<\/em><\/p>\n<p>Ainsi, une technopole est un groupement d\u2019organisations de recherche et d\u2019affaires, qui s\u2019attachent au d\u00e9veloppement scientifique en englobant un processus allant de l\u2019\u00e9tape du laboratoire jusqu\u2019\u00e0 celle de la fabrication du produit. C\u2019est (donc) une communaut\u00e9 structur\u00e9e d\u00e9di\u00e9e au d\u00e9veloppement de l\u2019innovation.<\/p>\n<h3>Le concept de technopole peut-il \u00eatre \u00e9tendu au domaine des sciences sociales ?<\/h3>\n<p>Qu\u2019il s\u2019agisse \u00a0d\u2019une \u00a0grande entreprise industrielle, d\u2019un \u00a0centre de \u00a0recherche,\u00a0 d\u2019une administration publique, d\u2019un individu, etc., tous et chacun se trouvent, un jour ou l\u2019autre, devant<\/p>\n<p>la situation, soit de trouver une solution nouvelle \u00e0 un probl\u00e8me, soit de trouver de nouvelles fa\u00e7ons de g\u00e9rer, soit encore, d\u2019am\u00e9liorer ou de d\u00e9couvrir de nouveaux produits.<\/p>\n<p>L\u2019innovation apparait ainsi comme l\u2019\u00e9l\u00e9ment cl\u00e9 \u00e0 la gen\u00e8se de la technopole. Elle (l\u2019innovation) peut \u00eatre d\u00e9finie comme un changement dans le processus de pens\u00e9e, avec pour objet l\u2019ex\u00e9cution d\u2019une action nouvelle. De ce point de vue, elle se distingue d\u2019une invention, \u00e9tant donn\u00e9 qu\u2019elle s\u2019inscrit dans une perspective applicative. Il convient cependant de relever que c\u2019est surtout dans son acception technologique que l\u2019innovation a g\u00e9n\u00e9ralement \u00e9t\u00e9 appr\u00e9hend\u00e9e. Et ce rattachement du concept d\u2019innovation au domaine technologique semble,\u00a0<em>a priori<\/em>, limiter son potentiel de d\u00e9veloppement dans les autres domaines de la connaissance, tels que celui des sciences sociales, qui sont le domaine d\u2019intervention principal l\u2019Universit\u00e9 de Yaound\u00e9 II.<\/p>\n<p>Pour autant, il n\u2019est pas interdit de proc\u00e9der \u00e0 l\u2019extension du concept au domaine du social. On peut alors concevoir\u00a0<em>l\u2019innovation sociale\u00a0<\/em>(ou encore\u00a0<em>innovation inclusive<\/em>), laquelle vise sa mise en perspective dans un environnement entrepreneurial, social, \u00e9cologique, \u00e9conomique voire tout simplement humain.<\/p>\n<p>Bien \u00e9videmment, qu\u2019elle soit de nature technologique, organisationnelle, ou qu\u2019elle soit li\u00e9e \u00e0 un produit ou \u00e0 un march\u00e9, une telle forme d\u2019innovation est pens\u00e9e collectivement, essentiellement en fonction de son impact sur un environnement pr\u00e9cis. Et, au-del\u00e0 de l\u2019avantage \u00a0concurrentiel \u00a0qu\u2019elle est\u00a0 susceptible \u00a0d\u2019apporter, l\u2019innovation \u00a0sociale procure un b\u00e9n\u00e9fice tout \u00e0 fait mesurable pour une collectivit\u00e9 dans son ensemble. Par cons\u00e9quent, ce type d\u2019innovation est cr\u00e9ateur d\u2019un mieux-\u00eatre, per\u00e7u en d\u00e9finitive comme le produit d\u2019un travail collectif.<\/p>\n<p>Dans cette perspective et compte tenu de la personnalit\u00e9 de l\u2019Universit\u00e9 de Yaound\u00e9 II, institution de formation et de recherche en sciences sociales, nous pouvons concevoir\u00a0<strong><em>une technopole en sciences sociales\u00a0<\/em><\/strong>comme \u00able regroupement en un m\u00eame lieu de plusieurs activit\u00e9s\u00a0 de\u00a0\u00a0<em>\u00ab\u00a0haute\u00a0 technologie\u00a0 sociale\u00a0\u00bb<\/em>,\u00a0 comprenant\u00a0 ainsi \u00a0des \u00a0centres \u00a0de recherche,\u00a0 des entreprises, des institutions universitaires, ainsi que des organismes financiers qui permettent de faciliter les contacts personnels entre ces diff\u00e9rentes entit\u00e9s\u00bb. Dans cet ordre d\u2019id\u00e9es, les activit\u00e9s de\u00a0<em>haute technologie sociale\u00a0<\/em>semblent correspondre \u00e0 celles offrant des perspectives d\u2019innovation relevant du social, et qui peuvent \u00eatre de plusieurs types : de type politique ; de type juridique ; de type organisationnel et m\u00e9thodologique dans l\u2019approche manag\u00e9riale ; de type \u00e9conomique ; de type communicationnel ; de type relationnel (\u00e9changes internationaux, diplomatie, etc.) et de type planification du d\u00e9veloppement.<\/p>\n<p>C\u2019est fort de tout ce qui pr\u00e9c\u00e8de que l\u2019Universit\u00e9 de Yaound\u00e9 II se propose d\u2019\u00eatre le point d\u2019ancrage de la cr\u00e9ation d\u2019une technopole en sciences sociales dans la localit\u00e9 de SOA.<\/p>\n<p>Pour atteindre cet objectif, l\u2019Universit\u00e9 de Yaound\u00e9 II compte, tout en d\u00e9veloppant des outils d\u2019excellence interne, jeter les bases d\u2019un partenariat durable avec divers partenaires (institutionnels, \u00e9conomiques, publics, priv\u00e9s), dans le but de faciliter le d\u00e9veloppement r\u00e9gional et national.<\/p>\n<p>Pr. Adolphe Minkoa She<br \/>\nRecteur de l\u2019Universit\u00e9 de Yaound\u00e9 II<\/p>\n<\/div><\/section><\/div>\n\n<style type=\"text\/css\" data-created_by=\"avia_inline_auto\" id=\"style-css-av-3jy7-fb00f4dfb38973f494353cbf2e76847c\">\n.flex_column.av-3jy7-fb00f4dfb38973f494353cbf2e76847c{\nborder-radius:0px 0px 0px 0px;\npadding:0px 0px 0px 0px;\n}\n<\/style>\n<div  class='flex_column av-3jy7-fb00f4dfb38973f494353cbf2e76847c av_one_fourth  avia-builder-el-3  el_after_av_three_fourth  avia-builder-el-last  flex_column_div av-zero-column-padding  '     ><section  class='avia-team-member av-lelrc9o5-80de1613cb57e6cbbdd8f5d0ba3aa4bc  avia-builder-el-4  avia-builder-el-no-sibling '  itemscope=\"itemscope\" itemtype=\"https:\/\/schema.org\/Person\" ><div class=\"team-img-container\"><img decoding=\"async\" fetchpriority=\"high\" class='wp-image-131 avia-img-lazy-loading-not-131 avia_image avia_image_team' src=\"http:\/\/localhost:8080\/univ-yaounde2\/wp-content\/uploads\/2023\/02\/RECTEURc0bd-1.jpg\" alt='Pr Adolphe MINKOA SHE'  itemprop=\"image\"   \/><\/div><h3 class='team-member-name '  itemprop=\"name\" >Pr Adolphe MINKOA SHE<\/h3><div class='team-member-job-title '  itemprop=\"jobTitle\" >Recteur de l\u2019Universit\u00e9 de Yaound\u00e9 II<\/div><span class='hidden team-member-affiliation'  itemprop=\"affiliation\" >Universit\u00e9 de Yaounde II - SOA<\/span><\/section><\/div>\n","protected":false},"excerpt":{"rendered":"","protected":false},"author":1,"featured_media":0,"parent":0,"menu_order":0,"comment_status":"closed","ping_status":"closed","template":"","meta":{"footnotes":""},"class_list":["post-1238","page","type-page","status-publish","hentry"],"_links":{"self":[{"href":"https:\/\/site.univ-yaounde2.org\/index.php\/wp-json\/wp\/v2\/pages\/1238","targetHints":{"allow":["GET"]}}],"collection":[{"href":"https:\/\/site.univ-yaounde2.org\/index.php\/wp-json\/wp\/v2\/pages"}],"about":[{"href":"https:\/\/site.univ-yaounde2.org\/index.php\/wp-json\/wp\/v2\/types\/page"}],"author":[{"embeddable":true,"href":"https:\/\/site.univ-yaounde2.org\/index.php\/wp-json\/wp\/v2\/users\/1"}],"replies":[{"embeddable":true,"href":"https:\/\/site.univ-yaounde2.org\/index.php\/wp-json\/wp\/v2\/comments?post=1238"}],"version-history":[{"count":0,"href":"https:\/\/site.univ-yaounde2.org\/index.php\/wp-json\/wp\/v2\/pages\/1238\/revisions"}],"wp:attachment":[{"href":"https:\/\/site.univ-yaounde2.org\/index.php\/wp-json\/wp\/v2\/media?parent=1238"}],"curies":[{"name":"wp","href":"https:\/\/api.w.org\/{rel}","templated":true}]}}